{"id":15,"date":"2025-07-24T11:05:50","date_gmt":"2025-07-24T14:05:50","guid":{"rendered":"http:\/\/www.cogecom.andifes.org.br\/?page_id=15"},"modified":"2025-07-29T11:58:04","modified_gmt":"2025-07-29T14:58:04","slug":"noticias","status":"publish","type":"page","link":"https:\/\/www.cogecom.andifes.org.br\/index.php\/noticias\/","title":{"rendered":"Not\u00edcias"},"content":{"rendered":"\t\t<div data-elementor-type=\"wp-page\" data-elementor-id=\"15\" class=\"elementor elementor-15\">\n\t\t\t\t<div class=\"elementor-element elementor-element-2b57dcf e-flex e-con-boxed e-con e-parent\" data-id=\"2b57dcf\" data-element_type=\"container\">\n\t\t\t\t\t<div class=\"e-con-inner\">\n\t\t<div class=\"elementor-element elementor-element-cdfd763 e-flex e-con-boxed e-con e-child\" data-id=\"cdfd763\" data-element_type=\"container\" data-settings=\"{&quot;background_background&quot;:&quot;classic&quot;}\">\n\t\t\t\t\t<div class=\"e-con-inner\">\n\t\t<div class=\"elementor-element elementor-element-0462f3b e-flex e-con-boxed e-con e-child\" data-id=\"0462f3b\" data-element_type=\"container\">\n\t\t\t\t\t<div class=\"e-con-inner\">\n\t\t\t\t<div class=\"elementor-element elementor-element-b480f51 elementor-widget elementor-widget-heading\" data-id=\"b480f51\" data-element_type=\"widget\" data-widget_type=\"heading.default\">\n\t\t\t\t\t<h2 class=\"elementor-heading-title elementor-size-default\">Not\u00edcias<\/h2>\t\t\t\t<\/div>\n\t\t\t\t\t<\/div>\n\t\t\t\t<\/div>\n\t\t<div class=\"elementor-element elementor-element-132e740 e-flex e-con-boxed e-con e-child\" data-id=\"132e740\" data-element_type=\"container\">\n\t\t\t\t\t<div class=\"e-con-inner\">\n\t\t\t\t<div class=\"elementor-element elementor-element-8031e0b elementor-widget elementor-widget-elementskit-post-list\" data-id=\"8031e0b\" data-element_type=\"widget\" data-widget_type=\"elementskit-post-list.default\">\n\t\t\t\t<div class=\"elementor-widget-container\">\n\t\t\t\t\t<div class=\"ekit-wid-con\" >\t\t<ul class=\"elementor-icon-list-items ekit-post-list-wrapper  elementor-inline-items\">\n\t\t\t\t\t\t<li class=\"elementor-icon-list-item col-lg-4  \">\n\t\t\t\t<a href=\"https:\/\/www.cogecom.andifes.org.br\/index.php\/2025\/11\/28\/cogecom-elege-nova-coordenacao-e-anuncia-premiados-na-1a-mostra-de-design-e-audiovisual-das-universidades-federais\/\" >\n\t\t\t\t\t<img decoding=\"async\" width=\"150\" height=\"150\" src=\"https:\/\/www.cogecom.andifes.org.br\/wp-content\/uploads\/2025\/11\/54946432385_eba9ecca3b_k-150x150.jpg\" class=\"attachment-thumbnail size-thumbnail wp-post-image\" alt=\"Mesa com toalha azul, tendo uma tela projetada na parede ao fundo com 10\u00ba Encontro Nacional do Cogecom. Sentados \u00e0 mesa, estavam cinco pessoas que falaram na abertura, quatro mulheres e um homem.\" \/>\t\t\t\t\t<div class=\"ekit_post_list_content_wraper\">\n\t\t\t\t\t\t\n\t\t\t\t\t\t<span class=\"elementor-icon-list-text\">Cogecom elege nova coordena\u00e7\u00e3o e anuncia premiados na 1\u00aa Mostra de Design e Audiovisual das Universidades Federais<\/span>\n\n\t\t\t\t\t\t\t\t\t\t\t\t\t\t\t\t\t\t<div class=\"meta-lists\">\n\t\t\t\t\t\t\t\t\t\t\t\t\t\t<span class=\"meta-date\">\n\t\t\t\t\t\t\t\t<i aria-hidden=\"true\" class=\"icon icon-calendar-page-empty\"><\/i>\t\n\n\t\t\t\t\t\t\t\t28 nov 2025\t\t\t\t\t\t\t<\/span>\n\t\t\t\t\t\t\t\n\t\t\t\t\t\t\t\t\t\t\t\t\t\t\t\t<span class=\"meta-category\">\n\t\t\t\t\t\t\t\t\t\t\t\t\t\t\t\t\t\t\t<i aria-hidden=\"true\" class=\"icon icon-folder\"><\/i>\t\t\t\t\t\t\t\t\tEventos\t\t\t\t\t\t\t\t\t<\/span>\n\t\t\t\t\t\t\t\t\t\t\t\t\t\t\t<\/div>\n\t\t\t\t\t\t\t\t\t\t\t<\/div>\n\t\t\t\t<\/a>\n\t\t\t<\/li>\n\t\t\t\t\t<li class=\"elementor-icon-list-item col-lg-4  \">\n\t\t\t\t<a href=\"https:\/\/www.cogecom.andifes.org.br\/index.php\/2025\/10\/14\/encontro-do-cogecom-sul\/\" >\n\t\t\t\t\t<img decoding=\"async\" width=\"150\" height=\"150\" src=\"https:\/\/www.cogecom.andifes.org.br\/wp-content\/uploads\/2025\/10\/WhatsApp-Image-2025-10-10-at-16.56.34-150x150.jpeg\" class=\"attachment-thumbnail size-thumbnail wp-post-image\" alt=\"\" \/>\t\t\t\t\t<div class=\"ekit_post_list_content_wraper\">\n\t\t\t\t\t\t\n\t\t\t\t\t\t<span class=\"elementor-icon-list-text\">Encontro do Cogecom Sul<\/span>\n\n\t\t\t\t\t\t\t\t\t\t\t\t\t\t\t\t\t\t<div class=\"meta-lists\">\n\t\t\t\t\t\t\t\t\t\t\t\t\t\t<span class=\"meta-date\">\n\t\t\t\t\t\t\t\t<i aria-hidden=\"true\" class=\"icon icon-calendar-page-empty\"><\/i>\t\n\n\t\t\t\t\t\t\t\t14 out 2025\t\t\t\t\t\t\t<\/span>\n\t\t\t\t\t\t\t\n\t\t\t\t\t\t\t\t\t\t\t\t\t\t\t\t<span class=\"meta-category\">\n\t\t\t\t\t\t\t\t\t\t\t\t\t\t\t\t\t\t\t<i aria-hidden=\"true\" class=\"icon icon-folder\"><\/i>\t\t\t\t\t\t\t\t\tNot\u00edcias\t\t\t\t\t\t\t\t\t<\/span>\n\t\t\t\t\t\t\t\t\t\t\t\t\t\t\t<\/div>\n\t\t\t\t\t\t\t\t\t\t\t<\/div>\n\t\t\t\t<\/a>\n\t\t\t<\/li>\n\t\t\t\t\t<li class=\"elementor-icon-list-item col-lg-4  \">\n\t\t\t\t<a href=\"https:\/\/www.cogecom.andifes.org.br\/index.php\/2025\/10\/06\/prorrogadas-ate-dia-12-as-inscricoes-para-a-1a-mostra-nacional-de-design-e-audiovisual-das-universidades-federais\/\" >\n\t\t\t\t\t\t\t\t\t\t<div class=\"ekit_post_list_content_wraper\">\n\t\t\t\t\t\t\n\t\t\t\t\t\t<span class=\"elementor-icon-list-text\">Prorrogadas at\u00e9 dia 12 as inscri\u00e7\u00f5es para a 1\u00aa Mostra Nacional de Design e Audiovisual das Universidades Federais<\/span>\n\n\t\t\t\t\t\t\t\t\t\t\t\t\t\t\t\t\t\t<div class=\"meta-lists\">\n\t\t\t\t\t\t\t\t\t\t\t\t\t\t<span class=\"meta-date\">\n\t\t\t\t\t\t\t\t<i aria-hidden=\"true\" class=\"icon icon-calendar-page-empty\"><\/i>\t\n\n\t\t\t\t\t\t\t\t06 out 2025\t\t\t\t\t\t\t<\/span>\n\t\t\t\t\t\t\t\n\t\t\t\t\t\t\t\t\t\t\t\t\t\t\t\t<span class=\"meta-category\">\n\t\t\t\t\t\t\t\t\t\t\t\t\t\t\t\t\t\t\t<i aria-hidden=\"true\" class=\"icon icon-folder\"><\/i>\t\t\t\t\t\t\t\t\tNot\u00edcias\t\t\t\t\t\t\t\t\t<\/span>\n\t\t\t\t\t\t\t\t\t\t\t\t\t\t\t<\/div>\n\t\t\t\t\t\t\t\t\t\t\t<\/div>\n\t\t\t\t<\/a>\n\t\t\t<\/li>\n\t\t\t\t\t<li class=\"elementor-icon-list-item col-lg-4  \">\n\t\t\t\t<a href=\"https:\/\/www.cogecom.andifes.org.br\/index.php\/2023\/11\/14\/gestores-de-comunicacao-discutem-estrategias-de-atuacao-em-rede-durante-encontro-nacional-do-cogecom-andifes\/\" >\n\t\t\t\t\t<img decoding=\"async\" width=\"150\" height=\"100\" src=\"https:\/\/www.cogecom.andifes.org.br\/wp-content\/uploads\/2025\/07\/Cogecom-Abertura_02.jpg\" class=\"attachment-thumbnail size-thumbnail wp-post-image\" alt=\"\" \/>\t\t\t\t\t<div class=\"ekit_post_list_content_wraper\">\n\t\t\t\t\t\t\n\t\t\t\t\t\t<span class=\"elementor-icon-list-text\">Gestores de Comunica\u00e7\u00e3o discutem estrat\u00e9gias de atua\u00e7\u00e3o em rede durante Encontro Nacional do Cogecom\/Andifes<\/span>\n\n\t\t\t\t\t\t\t\t\t\t\t\t\t\t\t\t\t\t<div class=\"meta-lists\">\n\t\t\t\t\t\t\t\t\t\t\t\t\t\t<span class=\"meta-date\">\n\t\t\t\t\t\t\t\t<i aria-hidden=\"true\" class=\"icon icon-calendar-page-empty\"><\/i>\t\n\n\t\t\t\t\t\t\t\t14 nov 2023\t\t\t\t\t\t\t<\/span>\n\t\t\t\t\t\t\t\n\t\t\t\t\t\t\t\t\t\t\t\t\t\t\t\t<span class=\"meta-category\">\n\t\t\t\t\t\t\t\t\t\t\t\t\t\t\t\t\t\t\t<i aria-hidden=\"true\" class=\"icon icon-folder\"><\/i>\t\t\t\t\t\t\t\t\tNot\u00edcias\t\t\t\t\t\t\t\t\t<\/span>\n\t\t\t\t\t\t\t\t\t\t\t\t\t\t\t<\/div>\n\t\t\t\t\t\t\t\t\t\t\t<\/div>\n\t\t\t\t<\/a>\n\t\t\t<\/li>\n\t\t\t\t\t<li class=\"elementor-icon-list-item col-lg-4  \">\n\t\t\t\t<a href=\"https:\/\/www.cogecom.andifes.org.br\/index.php\/2023\/04\/10\/cogecom-e-rnp-debatem-desenvolvimento-ferramenta-de-divulgacao-cientifica-2\/\" >\n\t\t\t\t\t<img loading=\"lazy\" decoding=\"async\" width=\"150\" height=\"113\" src=\"https:\/\/www.cogecom.andifes.org.br\/wp-content\/uploads\/2025\/07\/WhatsApp-Image-2023-04-10-at-14.50.413-300x225-1.jpeg\" class=\"attachment-thumbnail size-thumbnail wp-post-image\" alt=\"\" \/>\t\t\t\t\t<div class=\"ekit_post_list_content_wraper\">\n\t\t\t\t\t\t\n\t\t\t\t\t\t<span class=\"elementor-icon-list-text\">Cogecom e RNP debatem desenvolvimento ferramenta de divulga\u00e7\u00e3o cient\u00edfica<\/span>\n\n\t\t\t\t\t\t\t\t\t\t\t\t\t\t\t\t\t\t<div class=\"meta-lists\">\n\t\t\t\t\t\t\t\t\t\t\t\t\t\t<span class=\"meta-date\">\n\t\t\t\t\t\t\t\t<i aria-hidden=\"true\" class=\"icon icon-calendar-page-empty\"><\/i>\t\n\n\t\t\t\t\t\t\t\t10 abr 2023\t\t\t\t\t\t\t<\/span>\n\t\t\t\t\t\t\t\n\t\t\t\t\t\t\t\t\t\t\t\t\t\t\t\t<span class=\"meta-category\">\n\t\t\t\t\t\t\t\t\t\t\t\t\t\t\t\t\t\t\t<i aria-hidden=\"true\" class=\"icon icon-folder\"><\/i>\t\t\t\t\t\t\t\t\tNot\u00edcias\t\t\t\t\t\t\t\t\t<\/span>\n\t\t\t\t\t\t\t\t\t\t\t\t\t\t\t<\/div>\n\t\t\t\t\t\t\t\t\t\t\t<\/div>\n\t\t\t\t<\/a>\n\t\t\t<\/li>\n\t\t\t\t\t<li class=\"elementor-icon-list-item col-lg-4  \">\n\t\t\t\t<a href=\"https:\/\/www.cogecom.andifes.org.br\/index.php\/2022\/08\/23\/andifes-participa-do-7o-encontro-nacional-do-cogecom\/\" >\n\t\t\t\t\t<img loading=\"lazy\" decoding=\"async\" width=\"150\" height=\"100\" src=\"https:\/\/www.cogecom.andifes.org.br\/wp-content\/uploads\/2025\/07\/Cogecom-2022_18.08-5-300x200-1.jpg\" class=\"attachment-thumbnail size-thumbnail wp-post-image\" alt=\"\" \/>\t\t\t\t\t<div class=\"ekit_post_list_content_wraper\">\n\t\t\t\t\t\t\n\t\t\t\t\t\t<span class=\"elementor-icon-list-text\">Andifes participa do 7\u00ba Encontro Nacional do Cogecom<\/span>\n\n\t\t\t\t\t\t\t\t\t\t\t\t\t\t\t\t\t\t<div class=\"meta-lists\">\n\t\t\t\t\t\t\t\t\t\t\t\t\t\t<span class=\"meta-date\">\n\t\t\t\t\t\t\t\t<i aria-hidden=\"true\" class=\"icon icon-calendar-page-empty\"><\/i>\t\n\n\t\t\t\t\t\t\t\t23 ago 2022\t\t\t\t\t\t\t<\/span>\n\t\t\t\t\t\t\t\n\t\t\t\t\t\t\t\t\t\t\t\t\t\t\t\t<span class=\"meta-category\">\n\t\t\t\t\t\t\t\t\t\t\t\t\t\t\t\t\t\t\t<i aria-hidden=\"true\" class=\"icon icon-folder\"><\/i>\t\t\t\t\t\t\t\t\tNot\u00edcias\t\t\t\t\t\t\t\t\t<\/span>\n\t\t\t\t\t\t\t\t\t\t\t\t\t\t\t<\/div>\n\t\t\t\t\t\t\t\t\t\t\t<\/div>\n\t\t\t\t<\/a>\n\t\t\t<\/li>\n\t\t\t\t\t<li class=\"elementor-icon-list-item col-lg-4  \">\n\t\t\t\t<a href=\"https:\/\/www.cogecom.andifes.org.br\/index.php\/2020\/10\/23\/a-comunicacao-das-universidades-federais-e-um-servico-essencial-aos-brasileiros-afirma-coordenador-do-cogecom\/\" >\n\t\t\t\t\t<img loading=\"lazy\" decoding=\"async\" width=\"150\" height=\"88\" src=\"https:\/\/www.cogecom.andifes.org.br\/wp-content\/uploads\/2020\/10\/marcio_guerra.jpg\" class=\"attachment-thumbnail size-thumbnail wp-post-image\" alt=\"\" \/>\t\t\t\t\t<div class=\"ekit_post_list_content_wraper\">\n\t\t\t\t\t\t\n\t\t\t\t\t\t<span class=\"elementor-icon-list-text\">\u201cA comunica\u00e7\u00e3o das universidades federais \u00e9 um servi\u00e7o essencial aos brasileiros\u201d, afirma coordenador do Cogecom<\/span>\n\n\t\t\t\t\t\t\t\t\t\t\t\t\t\t\t\t\t\t<div class=\"meta-lists\">\n\t\t\t\t\t\t\t\t\t\t\t\t\t\t<span class=\"meta-date\">\n\t\t\t\t\t\t\t\t<i aria-hidden=\"true\" class=\"icon icon-calendar-page-empty\"><\/i>\t\n\n\t\t\t\t\t\t\t\t23 out 2020\t\t\t\t\t\t\t<\/span>\n\t\t\t\t\t\t\t\n\t\t\t\t\t\t\t\t\t\t\t\t\t\t\t\t<span class=\"meta-category\">\n\t\t\t\t\t\t\t\t\t\t\t\t\t\t\t\t\t\t\t<i aria-hidden=\"true\" class=\"icon icon-folder\"><\/i>\t\t\t\t\t\t\t\t\tNot\u00edcias\t\t\t\t\t\t\t\t\t<\/span>\n\t\t\t\t\t\t\t\t\t\t\t\t\t\t\t<\/div>\n\t\t\t\t\t\t\t\t\t\t\t<\/div>\n\t\t\t\t<\/a>\n\t\t\t<\/li>\n\t\t\t\t\t<li class=\"elementor-icon-list-item col-lg-4  \">\n\t\t\t\t<a href=\"https:\/\/www.cogecom.andifes.org.br\/index.php\/2019\/08\/22\/ufal-estrategias-de-comunicacao-pautam-primeiro-dia-do-cogecom\/\" >\n\t\t\t\t\t<img loading=\"lazy\" decoding=\"async\" width=\"150\" height=\"88\" src=\"https:\/\/www.cogecom.andifes.org.br\/wp-content\/uploads\/2019\/08\/icone.jpg\" class=\"attachment-thumbnail size-thumbnail wp-post-image\" alt=\"\" \/>\t\t\t\t\t<div class=\"ekit_post_list_content_wraper\">\n\t\t\t\t\t\t\n\t\t\t\t\t\t<span class=\"elementor-icon-list-text\">UFAL \u2013 Estrat\u00e9gias de comunica\u00e7\u00e3o pautam primeiro dia do Cogecom<\/span>\n\n\t\t\t\t\t\t\t\t\t\t\t\t\t\t\t\t\t\t<div class=\"meta-lists\">\n\t\t\t\t\t\t\t\t\t\t\t\t\t\t<span class=\"meta-date\">\n\t\t\t\t\t\t\t\t<i aria-hidden=\"true\" class=\"icon icon-calendar-page-empty\"><\/i>\t\n\n\t\t\t\t\t\t\t\t22 ago 2019\t\t\t\t\t\t\t<\/span>\n\t\t\t\t\t\t\t\n\t\t\t\t\t\t\t\t\t\t\t\t\t\t\t\t<span class=\"meta-category\">\n\t\t\t\t\t\t\t\t\t\t\t\t\t\t\t\t\t\t\t<i aria-hidden=\"true\" class=\"icon icon-folder\"><\/i>\t\t\t\t\t\t\t\t\tNot\u00edcias\t\t\t\t\t\t\t\t\t<\/span>\n\t\t\t\t\t\t\t\t\t\t\t\t\t\t\t<\/div>\n\t\t\t\t\t\t\t\t\t\t\t<\/div>\n\t\t\t\t<\/a>\n\t\t\t<\/li>\n\t\t\t\t<\/ul>\n\t\t<\/div>\t\t\t\t<\/div>\n\t\t\t\t<\/div>\n\t\t\t\t\t<\/div>\n\t\t\t\t<\/div>\n\t\t\t\t\t<\/div>\n\t\t\t\t<\/div>\n\t\t\t\t\t<\/div>\n\t\t\t\t<\/div>\n\t\t\t\t<\/div>\n\t\t","protected":false},"excerpt":{"rendered":"<p>Not\u00edcias Gestores de Comunica\u00e7\u00e3o discutem estrat\u00e9gias de atua\u00e7\u00e3o em rede durante Encontro Nacional do Cogecom\/Andifes 14 nov 2023 Not\u00edcias Cogecom e RNP debatem desenvolvimento ferramenta de divulga\u00e7\u00e3o cient\u00edfica 10 abr 2023 Not\u00edcias Andifes participa do 7\u00ba Encontro Nacional do Cogecom 23 ago 2022 Not\u00edcias \u201cA comunica\u00e7\u00e3o das universidades federais \u00e9 um servi\u00e7o essencial aos brasileiros\u201d, [&hellip;]<\/p>\n","protected":false},"author":1,"featured_media":0,"parent":0,"menu_order":0,"comment_status":"closed","ping_status":"closed","template":"elementor_header_footer","meta":{"footnotes":""},"class_list":["post-15","page","type-page","status-publish","hentry"],"_links":{"self":[{"href":"https:\/\/www.cogecom.andifes.org.br\/index.php\/wp-json\/wp\/v2\/pages\/15","targetHints":{"allow":["GET"]}}],"collection":[{"href":"https:\/\/www.cogecom.andifes.org.br\/index.php\/wp-json\/wp\/v2\/pages"}],"about":[{"href":"https:\/\/www.cogecom.andifes.org.br\/index.php\/wp-json\/wp\/v2\/types\/page"}],"author":[{"embeddable":true,"href":"https:\/\/www.cogecom.andifes.org.br\/index.php\/wp-json\/wp\/v2\/users\/1"}],"replies":[{"embeddable":true,"href":"https:\/\/www.cogecom.andifes.org.br\/index.php\/wp-json\/wp\/v2\/comments?post=15"}],"version-history":[{"count":40,"href":"https:\/\/www.cogecom.andifes.org.br\/index.php\/wp-json\/wp\/v2\/pages\/15\/revisions"}],"predecessor-version":[{"id":576,"href":"https:\/\/www.cogecom.andifes.org.br\/index.php\/wp-json\/wp\/v2\/pages\/15\/revisions\/576"}],"wp:attachment":[{"href":"https:\/\/www.cogecom.andifes.org.br\/index.php\/wp-json\/wp\/v2\/media?parent=15"}],"curies":[{"name":"wp","href":"https:\/\/api.w.org\/{rel}","templated":true}]}}