{"id":17,"date":"2025-07-24T11:06:03","date_gmt":"2025-07-24T14:06:03","guid":{"rendered":"http:\/\/www.cogecom.andifes.org.br\/?page_id=17"},"modified":"2025-11-28T09:14:49","modified_gmt":"2025-11-28T12:14:49","slug":"sobre","status":"publish","type":"page","link":"https:\/\/www.cogecom.andifes.org.br\/index.php\/sobre\/","title":{"rendered":"Sobre"},"content":{"rendered":"\t\t<div data-elementor-type=\"wp-page\" data-elementor-id=\"17\" class=\"elementor elementor-17\">\n\t\t\t\t<div class=\"elementor-element elementor-element-6d228d6 e-flex e-con-boxed e-con e-parent\" data-id=\"6d228d6\" data-element_type=\"container\">\n\t\t\t\t\t<div class=\"e-con-inner\">\n\t\t<div class=\"elementor-element elementor-element-94da245 e-flex e-con-boxed e-con e-child\" data-id=\"94da245\" data-element_type=\"container\" data-settings=\"{&quot;background_background&quot;:&quot;classic&quot;}\">\n\t\t\t\t\t<div class=\"e-con-inner\">\n\t\t<div class=\"elementor-element elementor-element-fb420a3 e-flex e-con-boxed e-con e-child\" data-id=\"fb420a3\" data-element_type=\"container\">\n\t\t\t\t\t<div class=\"e-con-inner\">\n\t\t\t\t<div class=\"elementor-element elementor-element-7aaadef elementor-widget elementor-widget-heading\" data-id=\"7aaadef\" data-element_type=\"widget\" data-widget_type=\"heading.default\">\n\t\t\t\t\t<h2 class=\"elementor-heading-title elementor-size-default\">Sobre<\/h2>\t\t\t\t<\/div>\n\t\t\t\t\t<\/div>\n\t\t\t\t<\/div>\n\t\t<div class=\"elementor-element elementor-element-b16ad0f e-flex e-con-boxed e-con e-child\" data-id=\"b16ad0f\" data-element_type=\"container\">\n\t\t\t\t\t<div class=\"e-con-inner\">\n\t\t\t\t<div class=\"elementor-element elementor-element-bbc5b9d elementor-widget elementor-widget-heading\" data-id=\"bbc5b9d\" data-element_type=\"widget\" data-widget_type=\"heading.default\">\n\t\t\t\t\t<h2 class=\"elementor-heading-title elementor-size-default\"><br>Col\u00e9gio de Gestores de Comunica\u00e7\u00e3o das Universidades Federais (COGECOM)<\/h2>\t\t\t\t<\/div>\n\t\t\t\t<div class=\"elementor-element elementor-element-63278e1 elementor-widget elementor-widget-text-editor\" data-id=\"63278e1\" data-element_type=\"widget\" data-widget_type=\"text-editor.default\">\n\t\t\t\t\t\t\t\t\t<p>O\u00a0Col\u00e9gio de Gestores de Comunica\u00e7\u00e3o das Universidades Federais\u00a0foi criado em 2016, e tem como principal objetivo assessorar a Associa\u00e7\u00e3o Nacional dos Dirigentes das Institui\u00e7\u00f5es Federais de Ensino Superior \u2013 ANDIFES na \u00e1rea de Comunica\u00e7\u00e3o das IFES. Al\u00e9m disso, pretende:<\/p><ul><li>desenvolver junto \u00e0 ANDIFES pol\u00edticas nacionais de comunica\u00e7\u00e3o social, visando \u00e0 constru\u00e7\u00e3o conjunta de a\u00e7\u00f5es entre as Universidades Federais;<\/li><li>propor \u00e0 ANDIFES as diretrizes e o plano anual de metas do COGECOM;<\/li><li>propor pol\u00edticas de coopera\u00e7\u00e3o entre as institui\u00e7\u00f5es envolvidas, com vistas \u00e0 transforma\u00e7\u00e3o do modelo de comunica\u00e7\u00e3o universit\u00e1ria;<\/li><li>estudar e propor solu\u00e7\u00f5es relacionadas \u00e0s \u00e1reas de jornalismo, publicidade, rela\u00e7\u00f5es p\u00fablicas, marketing e organiza\u00e7\u00e3o de eventos, a fim de divulgar as a\u00e7\u00f5es de ci\u00eancia e tecnologia realizadas pelas Universidades;<\/li><li>propor a realiza\u00e7\u00e3o de eventos e atividades ligados \u00e0s pol\u00edticas de comunica\u00e7\u00e3o das Universidades;<\/li><li>promover capacita\u00e7\u00f5es regulares dos profissionais dos setores de Comunica\u00e7\u00e3o Social das Universidades;<\/li><li>Articular a intera\u00e7\u00e3o dos setores de comunica\u00e7\u00e3o das universidades com o intuito de trocar experi\u00eancias bem-sucedidas, a serem implementadas nas institui\u00e7\u00f5es interessadas;<\/li><li>criar, manter e consolidar um banco de dados atualizado com informa\u00e7\u00f5es encaminhadas pelas Coordena\u00e7\u00f5es Regionais;<\/li><li>contribuir para a valoriza\u00e7\u00e3o da comunica\u00e7\u00e3o p\u00fablica no ambiente das Universidades com \u00eanfase em princ\u00edpios como transpar\u00eancia, o di\u00e1logo com a sociedade e o interesse p\u00fablico;<\/li><li>propor e organizar a\u00e7\u00f5es de divulga\u00e7\u00e3o cient\u00edfica, aumentando a visibilidade midi\u00e1tica das institui\u00e7\u00f5es federais;<\/li><li>encaminhar \u00e0 ANDIFES as propostas aprovadas pelo plen\u00e1rio do COGECOM, inclusive plano de metas sobre comunica\u00e7\u00e3o;<\/li><li>organizar reuni\u00f5es regulares com os gestores e profissionais de comunica\u00e7\u00e3o das Universidades Federais em diferentes regi\u00f5es do pa\u00eds a fim de identificar as especificidades e necessidades de cada uma.<\/li><\/ul>\t\t\t\t\t\t\t\t<\/div>\n\t\t\t\t\t<\/div>\n\t\t\t\t<\/div>\n\t\t\t\t<div class=\"elementor-element elementor-element-70846e2 elementor-align-justify elementor-widget elementor-widget-button\" data-id=\"70846e2\" data-element_type=\"widget\" data-widget_type=\"button.default\">\n\t\t\t\t\t\t\t\t\t\t<a class=\"elementor-button elementor-button-link elementor-size-sm\" href=\"https:\/\/www.andifes.org.br\/wp-content\/uploads\/2024\/03\/Regulamento-dos-foruns-e-colegios-da-Andifes-jan2024.pdf\" target=\"_blank\">\n\t\t\t\t\t\t<span class=\"elementor-button-content-wrapper\">\n\t\t\t\t\t\t\t\t\t<span class=\"elementor-button-text\">Regulamento dos F\u00f3runs e Col\u00e9gios da ANDIFES<\/span>\n\t\t\t\t\t<\/span>\n\t\t\t\t\t<\/a>\n\t\t\t\t\t\t\t\t<\/div>\n\t\t\t\t\t<\/div>\n\t\t\t\t<\/div>\n\t\t\t\t\t<\/div>\n\t\t\t\t<\/div>\n\t\t\t\t<\/div>\n\t\t","protected":false},"excerpt":{"rendered":"<p>Sobre Col\u00e9gio de Gestores de Comunica\u00e7\u00e3o das Universidades Federais (COGECOM) O\u00a0Col\u00e9gio de Gestores de Comunica\u00e7\u00e3o das Universidades Federais\u00a0foi criado em 2016, e tem como principal objetivo assessorar a Associa\u00e7\u00e3o Nacional dos Dirigentes das Institui\u00e7\u00f5es Federais de Ensino Superior \u2013 ANDIFES na \u00e1rea de Comunica\u00e7\u00e3o das IFES. Al\u00e9m disso, pretende: desenvolver junto \u00e0 ANDIFES pol\u00edticas nacionais [&hellip;]<\/p>\n","protected":false},"author":1,"featured_media":0,"parent":0,"menu_order":0,"comment_status":"closed","ping_status":"closed","template":"elementor_header_footer","meta":{"footnotes":""},"class_list":["post-17","page","type-page","status-publish","hentry"],"_links":{"self":[{"href":"https:\/\/www.cogecom.andifes.org.br\/index.php\/wp-json\/wp\/v2\/pages\/17","targetHints":{"allow":["GET"]}}],"collection":[{"href":"https:\/\/www.cogecom.andifes.org.br\/index.php\/wp-json\/wp\/v2\/pages"}],"about":[{"href":"https:\/\/www.cogecom.andifes.org.br\/index.php\/wp-json\/wp\/v2\/types\/page"}],"author":[{"embeddable":true,"href":"https:\/\/www.cogecom.andifes.org.br\/index.php\/wp-json\/wp\/v2\/users\/1"}],"replies":[{"embeddable":true,"href":"https:\/\/www.cogecom.andifes.org.br\/index.php\/wp-json\/wp\/v2\/comments?post=17"}],"version-history":[{"count":25,"href":"https:\/\/www.cogecom.andifes.org.br\/index.php\/wp-json\/wp\/v2\/pages\/17\/revisions"}],"predecessor-version":[{"id":649,"href":"https:\/\/www.cogecom.andifes.org.br\/index.php\/wp-json\/wp\/v2\/pages\/17\/revisions\/649"}],"wp:attachment":[{"href":"https:\/\/www.cogecom.andifes.org.br\/index.php\/wp-json\/wp\/v2\/media?parent=17"}],"curies":[{"name":"wp","href":"https:\/\/api.w.org\/{rel}","templated":true}]}}